{"id":4195,"date":"2024-04-17T20:33:04","date_gmt":"2024-04-17T20:33:04","guid":{"rendered":"https:\/\/arsvitrea.pl\/?page_id=4195"},"modified":"2024-05-21T07:06:44","modified_gmt":"2024-05-21T07:06:44","slug":"wpisy-opracowania-naukowe","status":"publish","type":"page","link":"https:\/\/arsvitrea.pl\/index.php\/wpisy-opracowania-naukowe\/","title":{"rendered":"Opracowania naukowe"},"content":{"rendered":"\t\t<div data-elementor-type=\"wp-page\" data-elementor-id=\"4195\" class=\"elementor elementor-4195\" data-elementor-post-type=\"page\">\n\t\t\t\t<div class=\"elementor-element elementor-element-397194c8 e-con-full e-flex e-con e-parent\" data-id=\"397194c8\" data-element_type=\"container\" data-e-type=\"container\">\n\t\t\t\t<div class=\"elementor-element elementor-element-69c5cedc elementor-grid-4 elementor-posts__hover-none elementor-grid-tablet-2 elementor-grid-mobile-1 elementor-posts--thumbnail-top elementor-card-shadow-yes elementor-widget elementor-widget-posts\" data-id=\"69c5cedc\" data-element_type=\"widget\" data-e-type=\"widget\" data-settings=\"{&quot;cards_columns&quot;:&quot;4&quot;,&quot;cards_row_gap&quot;:{&quot;unit&quot;:&quot;px&quot;,&quot;size&quot;:7,&quot;sizes&quot;:[]},&quot;cards_columns_tablet&quot;:&quot;2&quot;,&quot;cards_columns_mobile&quot;:&quot;1&quot;,&quot;cards_row_gap_tablet&quot;:{&quot;unit&quot;:&quot;px&quot;,&quot;size&quot;:&quot;&quot;,&quot;sizes&quot;:[]},&quot;cards_row_gap_mobile&quot;:{&quot;unit&quot;:&quot;px&quot;,&quot;size&quot;:&quot;&quot;,&quot;sizes&quot;:[]},&quot;ekit_we_effect_on&quot;:&quot;none&quot;}\" data-widget_type=\"posts.cards\">\n\t\t\t\t<div class=\"elementor-widget-container\">\n\t\t\t\t\t\t\t<div class=\"elementor-posts-container elementor-posts elementor-posts--skin-cards elementor-grid\" role=\"list\">\n\t\t\t\t<article class=\"elementor-post elementor-grid-item post-4035 post type-post status-publish format-standard has-post-thumbnail hentry category-krystyna-pawlowska category-opracowania-naukowe tag-krystyna-pawlowska tag-wladyslaw-bartynowski\" role=\"listitem\">\n\t\t\t<div class=\"elementor-post__card\">\n\t\t\t\t<a class=\"elementor-post__thumbnail__link\" href=\"https:\/\/arsvitrea.pl\/index.php\/2023\/05\/07\/krystyna-pawlowska-kolekcja-medalikow-i-krzyzykow-wladyslawa-bartynowskiego\/\" tabindex=\"-1\" ><div class=\"elementor-post__thumbnail\"><img fetchpriority=\"high\" decoding=\"async\" width=\"300\" height=\"289\" src=\"https:\/\/arsvitrea.pl\/wp-content\/uploads\/2023\/05\/Ksiazka-kopia-300x289.jpg\" class=\"attachment-medium size-medium wp-image-4042\" alt=\"\" srcset=\"https:\/\/arsvitrea.pl\/wp-content\/uploads\/2023\/05\/Ksiazka-kopia-300x289.jpg 300w, https:\/\/arsvitrea.pl\/wp-content\/uploads\/2023\/05\/Ksiazka-kopia.jpg 500w\" sizes=\"(max-width: 300px) 100vw, 300px\" \/><\/div><\/a>\n\t\t\t\t<div class=\"elementor-post__badge\">Krystyna Paw\u0142owska<\/div>\n\t\t\t\t<div class=\"elementor-post__text\">\n\t\t\t\t<h4 class=\"elementor-post__title\">\n\t\t\t<a href=\"https:\/\/arsvitrea.pl\/index.php\/2023\/05\/07\/krystyna-pawlowska-kolekcja-medalikow-i-krzyzykow-wladyslawa-bartynowskiego\/\" >\n\t\t\t\tKrystyna Paw\u0142owska &#8211; &#8222;Kolekcja medalik\u00f3w i krzy\u017cyk\u00f3w W\u0142adys\u0142awa Bartynowskiego&#8221;\t\t\t<\/a>\n\t\t<\/h4>\n\t\t\t\t<\/div>\n\t\t\t\t<div class=\"elementor-post__meta-data\">\n\t\t\t\t\t<span class=\"elementor-post-date\">\n\t\t\t2023-05-07\t\t<\/span>\n\t\t\t\t<\/div>\n\t\t\t\t\t<\/div>\n\t\t<\/article>\n\t\t\t\t<article class=\"elementor-post elementor-grid-item post-3816 post type-post status-publish format-standard has-post-thumbnail hentry category-danuta-czapczynska-kleszczynska category-opracowania-naukowe tag-s-g-zelenski tag-stanislaw-zelenski\" role=\"listitem\">\n\t\t\t<div class=\"elementor-post__card\">\n\t\t\t\t<a class=\"elementor-post__thumbnail__link\" href=\"https:\/\/arsvitrea.pl\/index.php\/2022\/12\/11\/s-g-zelenski-o-rodzinie-i-witrazach-danuta-czapczynska-kleszczynska\/\" tabindex=\"-1\" ><div class=\"elementor-post__thumbnail\"><img decoding=\"async\" width=\"300\" height=\"160\" src=\"https:\/\/arsvitrea.pl\/wp-content\/uploads\/2022\/12\/SGZelenski-620x330-1-300x160.jpg\" class=\"attachment-medium size-medium wp-image-3817\" alt=\"\" srcset=\"https:\/\/arsvitrea.pl\/wp-content\/uploads\/2022\/12\/SGZelenski-620x330-1-300x160.jpg 300w, https:\/\/arsvitrea.pl\/wp-content\/uploads\/2022\/12\/SGZelenski-620x330-1.jpg 620w\" sizes=\"(max-width: 300px) 100vw, 300px\" \/><\/div><\/a>\n\t\t\t\t<div class=\"elementor-post__badge\">Danuta Czapczy\u0144ska-Kleszczy\u0144ska<\/div>\n\t\t\t\t<div class=\"elementor-post__text\">\n\t\t\t\t<h4 class=\"elementor-post__title\">\n\t\t\t<a href=\"https:\/\/arsvitrea.pl\/index.php\/2022\/12\/11\/s-g-zelenski-o-rodzinie-i-witrazach-danuta-czapczynska-kleszczynska\/\" >\n\t\t\t\tS.G. \u017bele\u0144ski \u2013 o rodzinie i witra\u017cach \u2013 Danuta Czapczy\u0144ska-Kleszczy\u0144ska\t\t\t<\/a>\n\t\t<\/h4>\n\t\t\t\t<\/div>\n\t\t\t\t<div class=\"elementor-post__meta-data\">\n\t\t\t\t\t<span class=\"elementor-post-date\">\n\t\t\t2022-12-11\t\t<\/span>\n\t\t\t\t<\/div>\n\t\t\t\t\t<\/div>\n\t\t<\/article>\n\t\t\t\t<article class=\"elementor-post elementor-grid-item post-3812 post type-post status-publish format-standard has-post-thumbnail hentry category-krystyna-pawlowska category-opracowania-naukowe tag-krystyna-pawlowska tag-witraze-krakowskie-w-kamienicach\" role=\"listitem\">\n\t\t\t<div class=\"elementor-post__card\">\n\t\t\t\t<a class=\"elementor-post__thumbnail__link\" href=\"https:\/\/arsvitrea.pl\/index.php\/2022\/12\/11\/witraze-krakowskie\/\" tabindex=\"-1\" ><div class=\"elementor-post__thumbnail\"><img decoding=\"async\" width=\"210\" height=\"300\" src=\"https:\/\/arsvitrea.pl\/wp-content\/uploads\/2022\/12\/Witraze_krakowskie_w_kamienicach01-210x300-1.jpg\" class=\"attachment-medium size-medium wp-image-3813\" alt=\"\" \/><\/div><\/a>\n\t\t\t\t<div class=\"elementor-post__badge\">Krystyna Paw\u0142owska<\/div>\n\t\t\t\t<div class=\"elementor-post__text\">\n\t\t\t\t<h4 class=\"elementor-post__title\">\n\t\t\t<a href=\"https:\/\/arsvitrea.pl\/index.php\/2022\/12\/11\/witraze-krakowskie\/\" >\n\t\t\t\tWitra\u017ce krakowskie w kamienicach mieszkalnych i obiektach u\u017cyteczno\u015bci publicznej z prze\u0142omu wiek\u00f3w XIX i XX \u2013 Krystyna Paw\u0142owska\t\t\t<\/a>\n\t\t<\/h4>\n\t\t\t\t<\/div>\n\t\t\t\t<div class=\"elementor-post__meta-data\">\n\t\t\t\t\t<span class=\"elementor-post-date\">\n\t\t\t2022-12-11\t\t<\/span>\n\t\t\t\t<\/div>\n\t\t\t\t\t<\/div>\n\t\t<\/article>\n\t\t\t\t<article class=\"elementor-post elementor-grid-item post-1619 post type-post status-publish format-standard has-post-thumbnail hentry category-konferencje category-opracowania-naukowe\" role=\"listitem\">\n\t\t\t<div class=\"elementor-post__card\">\n\t\t\t\t<a class=\"elementor-post__thumbnail__link\" href=\"https:\/\/arsvitrea.pl\/index.php\/2021\/02\/24\/witraze-sztuka-wciaz-odkrywana-2\/\" tabindex=\"-1\" ><div class=\"elementor-post__thumbnail\"><img loading=\"lazy\" decoding=\"async\" width=\"211\" height=\"300\" src=\"https:\/\/arsvitrea.pl\/wp-content\/uploads\/2021\/02\/Witraze-sztuka-wciaz-odkrywana-1-211x300.jpeg\" class=\"attachment-medium size-medium wp-image-1609\" alt=\"\" srcset=\"https:\/\/arsvitrea.pl\/wp-content\/uploads\/2021\/02\/Witraze-sztuka-wciaz-odkrywana-1-211x300.jpeg 211w, https:\/\/arsvitrea.pl\/wp-content\/uploads\/2021\/02\/Witraze-sztuka-wciaz-odkrywana-1-721x1024.jpeg 721w, https:\/\/arsvitrea.pl\/wp-content\/uploads\/2021\/02\/Witraze-sztuka-wciaz-odkrywana-1-768x1091.jpeg 768w, https:\/\/arsvitrea.pl\/wp-content\/uploads\/2021\/02\/Witraze-sztuka-wciaz-odkrywana-1-1081x1536.jpeg 1081w, https:\/\/arsvitrea.pl\/wp-content\/uploads\/2021\/02\/Witraze-sztuka-wciaz-odkrywana-1.jpeg 1144w\" sizes=\"(max-width: 211px) 100vw, 211px\" \/><\/div><\/a>\n\t\t\t\t<div class=\"elementor-post__badge\">Konferencje<\/div>\n\t\t\t\t<div class=\"elementor-post__text\">\n\t\t\t\t<h4 class=\"elementor-post__title\">\n\t\t\t<a href=\"https:\/\/arsvitrea.pl\/index.php\/2021\/02\/24\/witraze-sztuka-wciaz-odkrywana-2\/\" >\n\t\t\t\tWitra\u017ce &#8211; sztuka wci\u0105\u017c odkrywana  &#8211; 59,90\t\t\t<\/a>\n\t\t<\/h4>\n\t\t\t\t<\/div>\n\t\t\t\t<div class=\"elementor-post__meta-data\">\n\t\t\t\t\t<span class=\"elementor-post-date\">\n\t\t\t2021-02-24\t\t<\/span>\n\t\t\t\t<\/div>\n\t\t\t\t\t<\/div>\n\t\t<\/article>\n\t\t\t\t<article class=\"elementor-post elementor-grid-item post-1463 post type-post status-publish format-standard has-post-thumbnail hentry category-ogloszenia category-opracowania-naukowe tag-mittelalterlichen-glasmalereien\" role=\"listitem\">\n\t\t\t<div class=\"elementor-post__card\">\n\t\t\t\t<a class=\"elementor-post__thumbnail__link\" href=\"https:\/\/arsvitrea.pl\/index.php\/2018\/07\/12\/ukazal-sie-pierwszy-tom-korpusu-witrazy-sredniowiecznych-w-polsce\/\" tabindex=\"-1\" ><div class=\"elementor-post__thumbnail\"><img loading=\"lazy\" decoding=\"async\" width=\"300\" height=\"209\" src=\"https:\/\/arsvitrea.pl\/wp-content\/uploads\/2018\/07\/CVMA_obwoluta-kopia-300x209.jpg\" class=\"attachment-medium size-medium wp-image-1465\" alt=\"\" srcset=\"https:\/\/arsvitrea.pl\/wp-content\/uploads\/2018\/07\/CVMA_obwoluta-kopia-300x209.jpg 300w, https:\/\/arsvitrea.pl\/wp-content\/uploads\/2018\/07\/CVMA_obwoluta-kopia-768x536.jpg 768w, https:\/\/arsvitrea.pl\/wp-content\/uploads\/2018\/07\/CVMA_obwoluta-kopia.jpg 975w\" sizes=\"(max-width: 300px) 100vw, 300px\" \/><\/div><\/a>\n\t\t\t\t<div class=\"elementor-post__badge\">Og\u0142oszenia<\/div>\n\t\t\t\t<div class=\"elementor-post__text\">\n\t\t\t\t<h4 class=\"elementor-post__title\">\n\t\t\t<a href=\"https:\/\/arsvitrea.pl\/index.php\/2018\/07\/12\/ukazal-sie-pierwszy-tom-korpusu-witrazy-sredniowiecznych-w-polsce\/\" >\n\t\t\t\tUkaza\u0142 si\u0119 pierwszy tom Korpusu witra\u017cy \u015bredniowiecznych w Polsce\t\t\t<\/a>\n\t\t<\/h4>\n\t\t\t\t<\/div>\n\t\t\t\t<div class=\"elementor-post__meta-data\">\n\t\t\t\t\t<span class=\"elementor-post-date\">\n\t\t\t2018-07-12\t\t<\/span>\n\t\t\t\t<\/div>\n\t\t\t\t\t<\/div>\n\t\t<\/article>\n\t\t\t\t<\/div>\n\t\t\n\t\t\t\t\t\t<\/div>\n\t\t\t\t<\/div>\n\t\t\t\t<\/div>\n\t\t\t\t<\/div>\n\t\t","protected":false},"excerpt":{"rendered":"","protected":false},"author":1,"featured_media":0,"parent":0,"menu_order":0,"comment_status":"closed","ping_status":"closed","template":"","meta":{"footnotes":""},"class_list":["post-4195","page","type-page","status-publish","hentry"],"_links":{"self":[{"href":"https:\/\/arsvitrea.pl\/index.php\/wp-json\/wp\/v2\/pages\/4195","targetHints":{"allow":["GET"]}}],"collection":[{"href":"https:\/\/arsvitrea.pl\/index.php\/wp-json\/wp\/v2\/pages"}],"about":[{"href":"https:\/\/arsvitrea.pl\/index.php\/wp-json\/wp\/v2\/types\/page"}],"author":[{"embeddable":true,"href":"https:\/\/arsvitrea.pl\/index.php\/wp-json\/wp\/v2\/users\/1"}],"replies":[{"embeddable":true,"href":"https:\/\/arsvitrea.pl\/index.php\/wp-json\/wp\/v2\/comments?post=4195"}],"version-history":[{"count":7,"href":"https:\/\/arsvitrea.pl\/index.php\/wp-json\/wp\/v2\/pages\/4195\/revisions"}],"predecessor-version":[{"id":4534,"href":"https:\/\/arsvitrea.pl\/index.php\/wp-json\/wp\/v2\/pages\/4195\/revisions\/4534"}],"wp:attachment":[{"href":"https:\/\/arsvitrea.pl\/index.php\/wp-json\/wp\/v2\/media?parent=4195"}],"curies":[{"name":"wp","href":"https:\/\/api.w.org\/{rel}","templated":true}]}}