{"id":2707,"date":"2022-04-15T07:53:50","date_gmt":"2022-04-15T06:53:50","guid":{"rendered":"https:\/\/www.stowarzyszenie-witrazy.pl\/?page_id=2707"},"modified":"2024-04-25T19:50:37","modified_gmt":"2024-04-25T19:50:37","slug":"formularz-zgloszeniowy-xii-konferencja-avp-2024","status":"publish","type":"page","link":"https:\/\/arsvitrea.pl\/index.php\/formularz-zgloszeniowy-xii-konferencja-avp-2024\/","title":{"rendered":"Formularz zg\u0142oszeniowy XII Konferencja Naukowa SMW AVP Toru\u0144 2024"},"content":{"rendered":"\n<div class=\"wpcf7 no-js\" id=\"wpcf7-f4291-o1\" lang=\"pl-PL\" dir=\"ltr\" data-wpcf7-id=\"4291\">\n<div class=\"screen-reader-response\"><p role=\"status\" aria-live=\"polite\" aria-atomic=\"true\"><\/p> <ul><\/ul><\/div>\n<form action=\"\/index.php\/wp-json\/wp\/v2\/pages\/2707#wpcf7-f4291-o1\" method=\"post\" class=\"wpcf7-form init\" aria-label=\"Formularz kontaktowy\" novalidate=\"novalidate\" data-status=\"init\">\n<fieldset class=\"hidden-fields-container\"><input type=\"hidden\" name=\"_wpcf7\" value=\"4291\" \/><input type=\"hidden\" name=\"_wpcf7_version\" value=\"6.1.5\" \/><input type=\"hidden\" name=\"_wpcf7_locale\" value=\"pl_PL\" \/><input type=\"hidden\" name=\"_wpcf7_unit_tag\" value=\"wpcf7-f4291-o1\" \/><input type=\"hidden\" name=\"_wpcf7_container_post\" value=\"0\" \/><input type=\"hidden\" name=\"_wpcf7_posted_data_hash\" value=\"\" \/><input type=\"hidden\" name=\"_wpcf7_recaptcha_response\" value=\"\" \/>\n<\/fieldset>\n<p><b>FORMULARZ ZG\u0141OSZENIOWY UDZIA\u0141U W XII KONFERENCJI NAUKOWEJ STOWARZYSZENIA MI\u0141O\u015aNIK\u00d3W WITRA\u017bY ARS VITREA POLONA<\/b>\n<\/p>\n<p><b>Miejsce Konferencji: Uniwersytet Miko\u0142aja Kopernika w Toruniu \u2013 Sala Tymona<\/b>\n<\/p>\n<p><b>Termin konferencji: 2024.10.18<\/b><i>(pi\u0105tek)<\/i> do <b>2024.10.20<\/b><i>(niedziela)<\/i>\n<\/p>\n<p><b>Wype\u0142nianie formularza zg\u0142oszeniowego - 2024.09.30<\/b><i>(ostateczny termin)<\/i><br \/>\n<b>Wp\u0142aty<\/b> (o ile wybrali\u015bcie takie opcje) <b>- 2024.08.31<\/b><i>(ostateczny termin)<\/i>.\n<\/p>\n<p><mark><b>Wype\u0142nienie i wys\u0142anie formularza jest wymagane<\/b> z uwagi na miejsce konferencji. Lista obecno\u015bci zostanie przygotowana na podstawie przes\u0142anych i potwierdzonych przez organizatora formularzy zg\u0142oszeniowych (szczeg\u00f3\u0142y w regulaminie uczestnictwa)<\/mark>\n<\/p>\n<p>1. Twoje imi\u0119 i nazwisko <i>(pole wymagane)<\/i>\n<\/p>\n<p><span class=\"wpcf7-form-control-wrap\" data-name=\"your-name\"><input size=\"40\" maxlength=\"400\" class=\"wpcf7-form-control wpcf7-text wpcf7-validates-as-required\" aria-required=\"true\" aria-invalid=\"false\" value=\"\" type=\"text\" name=\"your-name\" \/><\/span>\n<\/p>\n<p>2. Uczelnia\/Instytucja\/Firma <i>(pole wymagane)<\/i>\n<\/p>\n<p><span class=\"wpcf7-form-control-wrap\" data-name=\"firma\"><input size=\"40\" maxlength=\"400\" class=\"wpcf7-form-control wpcf7-text wpcf7-validates-as-required\" aria-required=\"true\" aria-invalid=\"false\" value=\"\" type=\"text\" name=\"firma\" \/><\/span>\n<\/p>\n<p>3. Tw\u00f3j adres e-mail <i>(pole wymagane)<\/i>\n<\/p>\n<p><span class=\"wpcf7-form-control-wrap\" data-name=\"your-email\"><input size=\"40\" maxlength=\"400\" class=\"wpcf7-form-control wpcf7-email wpcf7-validates-as-required wpcf7-text wpcf7-validates-as-email\" aria-required=\"true\" aria-invalid=\"false\" value=\"\" type=\"email\" name=\"your-email\" \/><\/span>\n<\/p>\n<p>4. Telefon kontaktowy <i>(pole wymagane)<\/i>\n<\/p>\n<p><span class=\"wpcf7-form-control-wrap\" data-name=\"kontakt_telefon\"><input size=\"40\" maxlength=\"400\" class=\"wpcf7-form-control wpcf7-text wpcf7-validates-as-required\" aria-required=\"true\" aria-invalid=\"false\" value=\"\" type=\"text\" name=\"kontakt_telefon\" \/><\/span>\n<\/p>\n<p>5. Planuj\u0119 wzi\u0105\u0107 udzia\u0142 w: <i>(pole wymagane)<\/i>\n<\/p>\n<p><span class=\"wpcf7-form-control-wrap\" data-name=\"dni_udzial\"><span class=\"wpcf7-form-control wpcf7-checkbox wpcf7-validates-as-required\"><span class=\"wpcf7-list-item first\"><label><input type=\"checkbox\" name=\"dni_udzial[]\" value=\"wyk\u0142adach - 2024.10.18\" \/><span class=\"wpcf7-list-item-label\">wyk\u0142adach - 2024.10.18<\/span><\/label><\/span><span class=\"wpcf7-list-item\"><label><input type=\"checkbox\" name=\"dni_udzial[]\" value=\"wycieczce - 2024.10.19\" \/><span class=\"wpcf7-list-item-label\">wycieczce - 2024.10.19<\/span><\/label><\/span><span class=\"wpcf7-list-item last\"><label><input type=\"checkbox\" name=\"dni_udzial[]\" value=\"wyk\u0142adach - 2024.10.20\" \/><span class=\"wpcf7-list-item-label\">wyk\u0142adach - 2024.10.20<\/span><\/label><\/span><\/span><\/span>\n<\/p>\n<p>6. Zg\u0142aszam udzia\u0142: <i>(pole wymagane)<\/i>\n<\/p>\n<p><span class=\"wpcf7-form-control-wrap\" data-name=\"jaki_udzial\"><span class=\"wpcf7-form-control wpcf7-radio\"><span class=\"wpcf7-list-item first\"><label><input type=\"radio\" name=\"jaki_udzial\" value=\"bierny (s\u0142uchacz)\" checked=\"checked\" \/><span class=\"wpcf7-list-item-label\">bierny (s\u0142uchacz)<\/span><\/label><\/span><span class=\"wpcf7-list-item\"><label><input type=\"radio\" name=\"jaki_udzial\" value=\"czynny (wyg\u0142osz\u0119 referat lub komunikat)\" \/><span class=\"wpcf7-list-item-label\">czynny (wyg\u0142osz\u0119 referat lub komunikat)<\/span><\/label><\/span><span class=\"wpcf7-list-item last\"><label><input type=\"radio\" name=\"jaki_udzial\" value=\"czynny zdalny (wyg\u0142osz\u0119 referat on-line)\" \/><span class=\"wpcf7-list-item-label\">czynny zdalny (wyg\u0142osz\u0119 referat on-line)<\/span><\/label><\/span><\/span><\/span><br \/>\n6.1.Zg\u0142oszenia do <b>udzia\u0142u czynnego<\/b> przyjmujemy w terminie do dnia <b>2024.07.31<\/b><br \/>\n6.2.Je\u017celi wybrano <b>udzia\u0142 czynny<\/b>, to prosimy w polu <i>Twoja wiadomo\u015b\u0107<\/i> wpisa\u0107 tytu\u0142 wyst\u0105pienia oraz jego skr\u00f3t (500 do 1000 znak\u00f3w)<br \/>\n6.3.Je\u017celi nie podano tytu\u0142u i informacji o wyst\u0105pieniu, to mo\u017cesz to zrobi\u0107 wysy\u0142aj\u0105c <b>e-mail uzupe\u0142niaj\u0105cy<\/b> na adres <b>biuro@arsvitrea.pl<\/b> w terminie <b>do 2024.07.31<\/b><br \/>\n6.4. Zgoda na publikacj\u0119 mojego wyst\u0105pienia (Uczestnik czynny - Regulamin \u00a73 pkt 3) <span class=\"wpcf7-form-control-wrap\" data-name=\"brak-zgody\"><span class=\"wpcf7-form-control wpcf7-radio\"><span class=\"wpcf7-list-item first\"><label><input type=\"radio\" name=\"brak-zgody\" value=\"Zgoda\" checked=\"checked\" \/><span class=\"wpcf7-list-item-label\">Zgoda<\/span><\/label><\/span><span class=\"wpcf7-list-item last\"><label><input type=\"radio\" name=\"brak-zgody\" value=\"Brak zgody\" \/><span class=\"wpcf7-list-item-label\">Brak zgody<\/span><\/label><\/span><\/span><\/span>\n<\/p>\n<p>7. Op\u0142aty konferencyjne:<br \/>\n7.1.Zg\u0142oszenia zwi\u0105zane z konieczno\u015bci\u0105 wniesienia op\u0142at konferencyjnych przyjmujemy w terminie do dnia <b>2024.08.31<\/b><br \/>\n7.2.<b>Udzia\u0142<\/b> w konferencji jest <b>bezp\u0142atny<\/b>.<br \/>\n7.3.<b>Uczestnicy<\/b> we w\u0142asnym zakresie <b>pokrywaj\u0105 koszty dojazd\u00f3w oraz nocleg\u00f3w<\/b>.<br \/>\n7.4.<b>Podczas wycieczki uczestnicy zamawiaj\u0105 i p\u0142ac\u0105 indywidualnie<\/b> za zam\u00f3wione potrawy.<br \/>\n7.5.<b>Podczas dni wyk\u0142adowych<\/b> b\u0119dzie mo\u017cna korzysta\u0107 z <b>kawy i herbaty<\/b> oraz <b>obiadu<\/b>.<br \/>\n<b>Wymaga to z\u0142o\u017cenia i op\u0142acenia zam\u00f3wienia<\/b> w pkt.8 <i>(zaznacz odpowiednie pole w li\u015bcie)<\/i><br \/>\n7.6.Uczestnictwo w <b>uroczystej kolacji<\/b> (2024.10.19) <b>wymaga z\u0142o\u017cenia i op\u0142acenia zam\u00f3wienia<\/b> w pkt.8 <i>(zaznacz odpowiednie pole w li\u015bcie)<\/i>\n<\/p>\n<p>8. Dodatkowe op\u0142aty konferencyjne:\n<\/p>\n<p><span class=\"wpcf7-form-control-wrap\" data-name=\"oplaty\"><span class=\"wpcf7-form-control wpcf7-checkbox\"><span class=\"wpcf7-list-item first\"><label><input type=\"checkbox\" name=\"oplaty[]\" value=\"10 z\u0142. \u2013 korzystanie z bufetu podczas przerwy kawowej w dniu 2024.10.18\" \/><span class=\"wpcf7-list-item-label\">10 z\u0142. \u2013 korzystanie z bufetu podczas przerwy kawowej w dniu 2024.10.18<\/span><\/label><\/span><span class=\"wpcf7-list-item\"><label><input type=\"checkbox\" name=\"oplaty[]\" value=\"40 z\u0142. \u2013 obiad w dniu 2024.10.18\" \/><span class=\"wpcf7-list-item-label\">40 z\u0142. \u2013 obiad w dniu 2024.10.18<\/span><\/label><\/span><span class=\"wpcf7-list-item\"><label><input type=\"checkbox\" name=\"oplaty[]\" value=\"50 z\u0142. \u2013 udzia\u0142 w autokarowej wycieczce objazdowej w dniu 2024.10.19\" \/><span class=\"wpcf7-list-item-label\">50 z\u0142. \u2013 udzia\u0142 w autokarowej wycieczce objazdowej w dniu 2024.10.19<\/span><\/label><\/span><span class=\"wpcf7-list-item\"><label><input type=\"checkbox\" name=\"oplaty[]\" value=\"80 z\u0142. \u2013 udzia\u0142 w uroczystej kolacji cz\u0142onk\u00f3w i sympatyk\u00f3w Stowarzyszenia w dniu 2024.10.19\" \/><span class=\"wpcf7-list-item-label\">80 z\u0142. \u2013 udzia\u0142 w uroczystej kolacji cz\u0142onk\u00f3w i sympatyk\u00f3w Stowarzyszenia w dniu 2024.10.19<\/span><\/label><\/span><span class=\"wpcf7-list-item last\"><label><input type=\"checkbox\" name=\"oplaty[]\" value=\"10 z\u0142. \u2013 korzystanie z bufetu podczas przerw kawowych w dniu 2024.10.20\" \/><span class=\"wpcf7-list-item-label\">10 z\u0142. \u2013 korzystanie z bufetu podczas przerw kawowych w dniu 2024.10.20<\/span><\/label><\/span><\/span><\/span>\n<\/p>\n<p><br \/>\nJe\u017celi wybra\u0142e\u015b dodatkowe op\u0142aty konferencyjne, to prosimy o przelanie nale\u017cno\u015bci na rachunek<br \/>\n<b>12U.PL Andrzej Bochacz<\/b> nr <b>04 1020 1026 0000 1702 0652 9004<\/b> tytu\u0142em \"<b>Dodatkowe op\u0142aty AVP 2024<\/b>\"\n<\/p>\n<p>9. O\u015bwiadczam, \u017ce zapozna\u0142em\/am si\u0119 z <a href=\"https:\/\/arsvitrea.pl\/index.php\/regulamin-xii-konferencji\/\" target=\"_blank\"><b>Regulaminem Konferencji<\/b><\/a> oraz zobowi\u0105zuj\u0119 si\u0119 do jego przestrzegania.\n<\/p>\n<p><span class=\"wpcf7-form-control-wrap\" data-name=\"regulaminy\"><span class=\"wpcf7-form-control wpcf7-acceptance\"><span class=\"wpcf7-list-item\"><input type=\"checkbox\" name=\"regulaminy\" value=\"1\" aria-invalid=\"false\" \/><\/span><\/span><\/span><i>(pole wymagane)<\/i>\n<\/p>\n<p>10. Rejestruj\u0105c sw\u00f3j udzia\u0142 w XII Konferencji Naukowej SMW AVP 2024, kt\u00f3ra odb\u0119dzie si\u0119 w dniach 2024.10.18 do 2024.10.20 w Toruniu, przekazuj\u0119 swoje dane osobowe, kt\u00f3re wykorzystane zostan\u0105 wy\u0142\u0105cznie na potrzeby organizacji konferencji oraz akceptuj\u0119 polityk\u0119 prywatno\u015bci Stowarzyszenia Mi\u0142o\u015bnik\u00f3w Witra\u017cy Ars Vitrea Polona. Podanie danych jest dobrowolne, ale bez nich nie uda si\u0119 przes\u0142a\u0107 informacji organizacyjnych. Podstaw\u0105 przetwarzania danych jest zgoda, o kt\u00f3rej mowa w art. 6 ust. 1 lit. a Rozporz\u0105dzenia Parlamentu Europejskiego i Rady (UE) 2016\/679 z dnia 27 kwietnia 2016 r. (w skr\u00f3cie RODO).\n<\/p>\n<p><span class=\"wpcf7-form-control-wrap\" data-name=\"rodo\"><span class=\"wpcf7-form-control wpcf7-acceptance\"><span class=\"wpcf7-list-item\"><input type=\"checkbox\" name=\"rodo\" value=\"1\" aria-invalid=\"false\" \/><\/span><\/span><\/span><i>(pole wymagane)<\/i>\n<\/p>\n<p> Twoja wiadomo\u015bci <i>(opcjonalne)<\/i>\n<\/p>\n<p><span class=\"wpcf7-form-control-wrap\" data-name=\"your-message\"><textarea cols=\"40\" rows=\"10\" maxlength=\"2000\" class=\"wpcf7-form-control wpcf7-textarea\" aria-invalid=\"false\" name=\"your-message\"><\/textarea><\/span>\n<\/p>\n<p><mark>Wszelkie uwagi i korespondencj\u0119 zwi\u0105zan\u0105 z Konferencj\u0105 prosimy o wysy\u0142anie na adres e-mail biuro@arsvitrea.pl<\/mark>\n<\/p>\n<p><input class=\"wpcf7-form-control wpcf7-submit has-spinner\" type=\"submit\" value=\"Wy\u015blij\" \/>\n<\/p><div class=\"wpcf7-response-output\" aria-hidden=\"true\"><\/div>\n<\/form>\n<\/div>\n\n","protected":false},"excerpt":{"rendered":"","protected":false},"author":1,"featured_media":0,"parent":0,"menu_order":0,"comment_status":"closed","ping_status":"closed","template":"","meta":{"footnotes":""},"class_list":["post-2707","page","type-page","status-publish","hentry"],"_links":{"self":[{"href":"https:\/\/arsvitrea.pl\/index.php\/wp-json\/wp\/v2\/pages\/2707","targetHints":{"allow":["GET"]}}],"collection":[{"href":"https:\/\/arsvitrea.pl\/index.php\/wp-json\/wp\/v2\/pages"}],"about":[{"href":"https:\/\/arsvitrea.pl\/index.php\/wp-json\/wp\/v2\/types\/page"}],"author":[{"embeddable":true,"href":"https:\/\/arsvitrea.pl\/index.php\/wp-json\/wp\/v2\/users\/1"}],"replies":[{"embeddable":true,"href":"https:\/\/arsvitrea.pl\/index.php\/wp-json\/wp\/v2\/comments?post=2707"}],"version-history":[{"count":1,"href":"https:\/\/arsvitrea.pl\/index.php\/wp-json\/wp\/v2\/pages\/2707\/revisions"}],"predecessor-version":[{"id":4293,"href":"https:\/\/arsvitrea.pl\/index.php\/wp-json\/wp\/v2\/pages\/2707\/revisions\/4293"}],"wp:attachment":[{"href":"https:\/\/arsvitrea.pl\/index.php\/wp-json\/wp\/v2\/media?parent=2707"}],"curies":[{"name":"wp","href":"https:\/\/api.w.org\/{rel}","templated":true}]}}