{"id":1455,"date":"2018-05-23T13:07:27","date_gmt":"2018-05-23T12:07:27","guid":{"rendered":"http:\/\/www.stowarzyszenie-witrazy.pl\/?page_id=1455"},"modified":"2024-04-21T19:21:35","modified_gmt":"2024-04-21T19:21:35","slug":"przetwarzanie-danych-osobowych-rodo-stowarzyszenie-milosnikow-witrazy","status":"publish","type":"page","link":"https:\/\/arsvitrea.pl\/index.php\/przetwarzanie-danych-osobowych-rodo-stowarzyszenie-milosnikow-witrazy\/","title":{"rendered":"Przetwarzanie danych osobowych &#8211; RODO &#8211; Stowarzyszenie Mi\u0142o\u015bnik\u00f3w Witra\u017cy"},"content":{"rendered":"<h2>Informacje dotycz\u0105ce przetwarzania danych<\/h2>\n<p>W Stowarzyszeniu Mi\u0142o\u015bnik\u00f3w Witra\u017cy \u015bwiadczymy us\u0142ugi oparte na zaufaniu a Klienci mog\u0105 mie\u0107 pewno\u015b\u0107, \u017ce ich dane s\u0105 przetwarzane w bezpieczny spos\u00f3b.<\/p>\n<p>Zale\u017cy nam na przejrzysto\u015bci dzia\u0142a\u0144, dlatego w zwi\u0105zku z wchodz\u0105cym w \u017cycie rozporz\u0105dzeniem dotycz\u0105cym ochrony danych osobowych (RODO) pragniemy dope\u0142ni\u0107 obowi\u0105zku informacyjnego i poinformowa\u0107 Pa\u0144stwa, subskrybenta newslettera K2online.pl, o tym, \u017ce zgodnie z art. 13 ust. 1 i ust. 2 og\u00f3lnego rozporz\u0105dzenia o ochronie danych osobowych z dnia 27 kwietnia 2016 r.:<\/p>\n<p>1) Administratorem Pani\/Pana danych osobowych jest Stowarzyszenie Mi\u0142o\u015bnik\u00f3w Witra\u017cy z siedzib\u0105 w\u00a0Krakowie, ul. J. Lea 27\/29<\/p>\n<p>2) Osob\u0105 kontaktow\u0105 w sprawach ochrony danych osobowych w Stowarzyszeniu Mi\u0142o\u015bnik\u00f3w Witra\u017cy jest Inspektor Ochrony Danych dost\u0119pny pod adresem e-mail: andrzej@bochacz.pl<\/p>\n<p>3) Pani\/Pana dane osobowe przetwarzane b\u0119d\u0105 w celu przesy\u0142ania przez Firm\u0119 drog\u0105 elektroniczn\u0105 informacji dotycz\u0105cych oferowanych przez ni\u0105 us\u0142ug w formie newslettera na podstawie art. 6 ust. 1 pkt a.<\/p>\n<p>4) Odbiorc\u0105 Pani\/Pana danych osobowych b\u0119d\u0105 upowa\u017cnieni pracownicy administratora, zleceniobiorcy \u015bwiadcz\u0105cy na rzecz administratora us\u0142ugi zarz\u0105dcze, ksi\u0119gowe, marketingowe i prawne.<\/p>\n<p>5) Pani\/Pana dane osobowe b\u0119d\u0105 przechowywane przez okres trwania umowy lub dost\u0119pno\u015bci us\u0142ugi newsletter lub do momentu wycofania przez Pani\u0105\/Pana zgody.<\/p>\n<p>6) Posiada Pani\/Pan prawo dost\u0119pu do tre\u015bci swoich danych oraz prawo ich sprostowania, usuni\u0119cia, ograniczenia przetwarzania, prawo do przenoszenia danych, prawo wniesienia sprzeciwu, prawo do cofni\u0119cia zgody w dowolnym momencie bez wp\u0142ywu na zgodno\u015b\u0107 z prawem przetwarzania, kt\u00f3rego dokonano na podstawie zgody przed jej cofni\u0119ciem.<\/p>\n<p>7) Ma Pan\/Pani prawo wniesienia skargi do organu nadzorczego, gdy uzna Pani\/Pan, i\u017c przetwarzanie danych osobowych Pani\/Pana dotycz\u0105cych narusza przepisy og\u00f3lnego rozporz\u0105dzenia o ochronie danych osobowych z dnia 27 kwietnia 2016 r.<\/p>\n<p>8) Podanie przez Pana\/Pani\u0105 danych osobowych jest dobrowolne, a konsekwencj\u0105 niepodania danych osobowych b\u0119dzie niemo\u017cno\u015b\u0107 otrzymywania informacji dotycz\u0105cych oferowanych przez Sp\u00f3\u0142k\u0119 us\u0142ug w formie newslettera.<\/p>\n<p>9) Pani\/Pana dane osobowe nie b\u0119d\u0105 przetwarzane w formie profilowania.<\/p>\n<p>W razie jakichkolwiek pyta\u0144 prosimy o kontakt.<br \/>\nSerdecznie pozdrawiamy,<br \/>\nZesp\u00f3\u0142 Stowarzyszenia Mi\u0142o\u015bnik\u00f3w Witra\u017cy<\/p>\n","protected":false},"excerpt":{"rendered":"<p>Informacje dotycz\u0105ce przetwarzania danych W Stowarzyszeniu Mi\u0142o\u015bnik\u00f3w Witra\u017cy \u015bwiadczymy us\u0142ugi oparte na zaufaniu a Klienci mog\u0105 mie\u0107 pewno\u015b\u0107, \u017ce ich dane s\u0105 przetwarzane w bezpieczny spos\u00f3b. Zale\u017cy nam na przejrzysto\u015bci dzia\u0142a\u0144, dlatego w zwi\u0105zku z wchodz\u0105cym w \u017cycie rozporz\u0105dzeniem dotycz\u0105cym ochrony danych osobowych (RODO) pragniemy dope\u0142ni\u0107 obowi\u0105zku informacyjnego i poinformowa\u0107 Pa\u0144stwa, subskrybenta newslettera K2online.pl, o [&hellip;]<\/p>\n","protected":false},"author":1,"featured_media":0,"parent":0,"menu_order":0,"comment_status":"closed","ping_status":"closed","template":"","meta":{"footnotes":""},"class_list":["post-1455","page","type-page","status-publish","hentry"],"_links":{"self":[{"href":"https:\/\/arsvitrea.pl\/index.php\/wp-json\/wp\/v2\/pages\/1455","targetHints":{"allow":["GET"]}}],"collection":[{"href":"https:\/\/arsvitrea.pl\/index.php\/wp-json\/wp\/v2\/pages"}],"about":[{"href":"https:\/\/arsvitrea.pl\/index.php\/wp-json\/wp\/v2\/types\/page"}],"author":[{"embeddable":true,"href":"https:\/\/arsvitrea.pl\/index.php\/wp-json\/wp\/v2\/users\/1"}],"replies":[{"embeddable":true,"href":"https:\/\/arsvitrea.pl\/index.php\/wp-json\/wp\/v2\/comments?post=1455"}],"version-history":[{"count":1,"href":"https:\/\/arsvitrea.pl\/index.php\/wp-json\/wp\/v2\/pages\/1455\/revisions"}],"predecessor-version":[{"id":4247,"href":"https:\/\/arsvitrea.pl\/index.php\/wp-json\/wp\/v2\/pages\/1455\/revisions\/4247"}],"wp:attachment":[{"href":"https:\/\/arsvitrea.pl\/index.php\/wp-json\/wp\/v2\/media?parent=1455"}],"curies":[{"name":"wp","href":"https:\/\/api.w.org\/{rel}","templated":true}]}}