{"id":1453,"date":"2018-05-23T13:03:12","date_gmt":"2018-05-23T12:03:12","guid":{"rendered":"http:\/\/www.stowarzyszenie-witrazy.pl\/?page_id=1453"},"modified":"2018-05-23T13:03:12","modified_gmt":"2018-05-23T12:03:12","slug":"polityka-prywatnosci","status":"publish","type":"page","link":"https:\/\/arsvitrea.pl\/index.php\/polityka-prywatnosci\/","title":{"rendered":"Polityka prywatno\u015bci"},"content":{"rendered":"<h2>POLITYKA PRYWATNO\u015aCI (2018.05.25)<\/h2>\n<p>Polityka prywatno\u015bci i przetwarzania danych osobowych w Stowarzyszenie Mi\u0142o\u015bnik\u00f3w Witra\u017cy \u00a0(NIP 676-21-09-862) dalej zwana SMW jest odpowiedzialna za przechowywanie i przetwarzanie Danych Osobowych w imieniu os\u00f3b i organizacji. SMW b\u0119dzie przetwarza\u0107 dane osobowe\u00a0zgodnie z obowi\u0105zuj\u0105cymi przepisami prawa. Niniejsza informacja o ochronie prywatno\u015bci zawiera informacje o przetwarzaniu danych osobowych przez SMW.<\/p>\n<h4>Definicje:<\/h4>\n<p><strong>Osoba fizyczna<\/strong> (\u201cosoba, kt\u00f3rej dane dotycz\u0105\u201d) to mo\u017cliwa do zidentyfikowania osoba fizyczna,<\/p>\n<p><strong>Administrator danych osobowych<\/strong> (\u201eAdministrator\u201d) &#8211; oznacza osob\u0119 fizyczn\u0105 lub prawn\u0105, organ publiczny, jednostk\u0119 lub inny podmiot, kt\u00f3ry samodzielnie lub wsp\u00f3lnie z innymi ustala cele i sposoby przetwarzania danych osobowych.<\/p>\n<p><strong>Zasady przetwarzania<\/strong> s\u0105 opisane w Umowie o Przetwarzaniu Danych Osobowych (PDO) zawartej pomi\u0119dzy Podmiotem przetwarzaj\u0105cym a Administratorem,<\/p>\n<p><strong>Dane osobowe<\/strong> oznaczaj\u0105 informacje o zidentyfikowanej lub mo\u017cliwej do zidentyfikowania osobie fizycznej.<\/p>\n<p><strong>Dane o ruchu<\/strong> to dane wygenerowane na podstawie wykorzystania sieci.<\/p>\n<p>Je\u017celi dane mog\u0105 by\u0107 bezpo\u015brednio lub po\u015brednio powi\u0105zane z osob\u0105 fizyczn\u0105 to musz\u0105 by\u0107 zakwalifikowane jako Dane osobowe.<\/p>\n<p>Zanonimizowane dane to dane, gdzie wszelka informacja umo\u017cliwiaj\u0105ca identyfikacj\u0119 Osoby fizycznej zosta\u0142a usuni\u0119ta.<\/p>\n<p><strong>Przetwarzanie<\/strong> oznacza operacj\u0119 lub zestaw operacji wykonywanych na danych osobowych lub zestawach danych osobowych w spos\u00f3b zautomatyzowany lub niezautomatyzowany, tak\u0105 jak zbieranie, utrwalanie, organizowanie, porz\u0105dkowanie, przechowywanie, adaptowanie lub modyfikowanie, pobieranie, przegl\u0105danie, wykorzystywanie, ujawnianie poprzez przes\u0142anie, rozpowszechnianie lub innego rodzaju udost\u0119pnianie, dopasowywanie lub \u0142\u0105czenie, ograniczanie, usuwanie lub niszczenie;<\/p>\n<p>SMW jako Administrator jest jednocze\u015bnie Procesorem, czyli Podmiotem przetwarzaj\u0105cym dane osobowe.<\/p>\n<p>Dane Osoby fizycznej jakie przetwarza Administrator zale\u017c\u0105 rodzaju \u015bwiadczonych us\u0142ug i ograniczaj\u0105 si\u0119 do:<\/p>\n<p>&#8211; zarz\u0105dzania list\u0105 newsletter,<\/p>\n<p>&#8211; tworzenie log\u00f3w, statystyk I raport\u00f3w,<\/p>\n<p>&#8211; monitorowanie ruchu w celu zapewnienia dostarczalno\u015bci oraz stabilno\u015bci systemu,<\/p>\n<p>&#8211; zarz\u0105dzanie zgodami Os\u00f3b fizycznych.<\/p>\n<p>W zale\u017cno\u015bci od us\u0142ug z jakich korzysta nasz klient i zakresu w jakim z nich korzysta, my jako Podmiot Przetwarzaj\u0105cy mo\u017ce przetwarza\u0107 nast\u0119puj\u0105ce kategorie danych osobowych:<\/p>\n<p>&#8211; dane o po\u0142o\u017ceniu, takie jak GPS, dane z lokalizacji Wi-Fi, dane pochodne otrzymane z sieci Procesora nie b\u0119d\u0105ce danymi o ruchu zgodnie z poni\u017csz\u0105 definicj\u0105,<\/p>\n<p>&#8211; dane o ruchu: dane osobowe przetwarzane w zwi\u0105zku z przekazywaniem komunikacji w sieci teleinformatycznej Procesora,<\/p>\n<p>&#8211; dane zwi\u0105zane z tre\u015bci\u0105 tej komunikacji takie jak SMS\/MMS\/VMS, e-maile, dane pochodz\u0105ce z przegl\u0105darki etc..<\/p>\n<p><strong>SMW jako Administrator danych osobowych<\/strong><\/p>\n<p>Spos\u00f3b w jaki link przetwarza dane osobowe jako Administrator jest ka\u017cdorazowo zdefiniowany i opisany w umowie lub regulaminie zawartym mi\u0119dzy SMW a u\u017cytkownikiem ko\u0144cowym. Dane jakie s\u0105 przetwarzane zale\u017c\u0105 od us\u0142ug jakie s\u0105 wykorzystywane przez SMW lub u\u017cytkownika ko\u0144cowego. W\u015br\u00f3d nich:<\/p>\n<p>&#8211; zarz\u0105dzanie zgodami u\u017cytkownik\u00f3w ko\u0144cowych,<\/p>\n<p>&#8211; informowanie u\u017cytkownik\u00f3w o zmianach w regulaminach czy polityce prywatno\u015bci.<\/p>\n<p>W zale\u017cno\u015bci od us\u0142ug z jakich korzysta nasz klient i zakresu w jakim z nich korzysta, my jako Podmiot Przetwarzaj\u0105cy mo\u017cemy przetwarza\u0107 nast\u0119puj\u0105ce kategorie danych osobowych:<\/p>\n<p>&#8211; dane o po\u0142o\u017ceniu, takie jak GPS, dane z lokalizacji Wi-Fi, dane pochodne otrzymane z sieci Procesora nie b\u0119d\u0105ce danymi o ruchu zgodnie z poni\u017csz\u0105 definicj\u0105,<\/p>\n<p>&#8211; dane o ruchu: dane osobowe przetwarzane w zwi\u0105zku z przekazywaniem komunikacji w sieci teleinformatycznej Procesora,<\/p>\n<p>&#8211; dane zwi\u0105zane z tre\u015bci\u0105 tej komunikacji takie jak SMS\/MMS\/VMS, e-maile, dane pochodz\u0105ce z przegl\u0105darki etc..<\/p>\n<p><strong>Podstawa prawna przetwarzania:<\/strong><\/p>\n<p>&#8211; wype\u0142nienie umowy na korzystanie z us\u0142ug przez U\u017cytkownika ko\u0144cowego, na przyk\u0142ad przez zarz\u0105dzanie profilem\/kontem u\u017cytkownika w systemie<\/p>\n<p>&#8211; aby zrealizowa\u0107 uzasadnione interesy SMW (pod warunkiem, \u017ce interesy os\u00f3b, kt\u00f3rych dane dotycz\u0105, nie zast\u0119puj\u0105 takich interes\u00f3w), np. w celu ulepszenia us\u0142ug lub do\u015bwiadczenia u\u017cytkownika, w celu ustalenia, wykonania lub obrony roszczenia prawnego, aby zapobiec utracie lub szkodom SMW lub stron trzecich lub aby zapobiec dzia\u0142aniom, kt\u00f3re mog\u0105 zagrozi\u0107 SMW lub w\u0142asno\u015bci strony trzeciej lub danych osobowych innych u\u017cytkownik\u00f3w us\u0142ug.<\/p>\n<p>&#8211; zgoda, np. w przypadku dzia\u0142a\u0144 marketingowych us\u0142ug SMW<\/p>\n<p>&#8211; wype\u0142nienie prawnego obowi\u0105zku, kt\u00f3rego SMW jest stron\u0105, np. przechowywania danych osobowych dla cel\u00f3w ksi\u0119gowych<\/p>\n<p>U\u017cytkownik ko\u0144cowy (osoba fizyczna) mo\u017ce w ka\u017cdym czasie:<\/p>\n<p>&#8211; wycofa\u0107 zgod\u0119 na przetwarzanie danych,<\/p>\n<p>&#8211; uzyska\u0107 dost\u0119p do swoich danych osobowych,<\/p>\n<p>&#8211; \u017c\u0105da\u0107 od Administratora sprostowania, usuni\u0119cia lub ograniczenia przetwarzania danych osobowych oraz wniesienia sprzeciwu wobec przetwarzania,<\/p>\n<p>&#8211; \u017c\u0105da\u0107 eksportu swoich danych,<\/p>\n<p>&#8211; rozwi\u0105za\u0107 umow\u0119.<\/p>\n<p>SMW b\u0119dzie przechowywa\u0142 Dane Osobowe tak d\u0142ugo jak jest to konieczne dla wype\u0142nienia celu przetwarzania zawartego w umowie lub regulaminie zawartym mi\u0119dzy SMW, a Osob\u0105 fizyczn\u0105, i b\u0119dzie te dane przechowywa\u0142 na czas obowi\u0105zywania umowy lub do momentu w kt\u00f3rym Osoba fizyczna za\u017c\u0105da ich usuni\u0119cia. Prosz\u0119 mie\u0107 na uwadze, \u017ce w niekt\u00f3rych przypadkach odr\u0119bne przepisy prawne wymuszaj\u0105 na SMW przechowywanie d\u0142u\u017csze ni\u017c wymaga tego umowa, np. w celach przechowywania danych finansowych (dane z faktur), dane tak\u017ce mog\u0105 by\u0107 przechowywane w prawnie uzasadnionych celach i w interesie SMW, w\u0142\u0105czaj\u0105c w to, ale nie ograniczaj\u0105c takich\u00a0jak ustanawianie, wykonywanie i obrona roszcze\u0144 prawnych.<\/p>\n<p><strong>Komu udost\u0119pniamy dane osobowe?<\/strong><\/p>\n<p>SMW nie udost\u0119pnia danych osobowych firmom trzecim.<\/p>\n<p><strong>W jaki spos\u00f3b wykorzystujemy ciasteczka (cookies)?<\/strong><\/p>\n<p>SMW wykorzystuje ciasteczka i podobne technologie na swoich stronach. Ciasteczka pomagaj\u0105 w okre\u015bleniu, kt\u00f3re z cz\u0119\u015bci naszych stron internetowych s\u0105 najbardziej popularne, jak cz\u0119sto i przez jaki czas s\u0105 odwiedzane. Te dane s\u0105 wykorzystywane do rozwoju i analizy naszych us\u0142ug oraz tworzenia celowanych kampanii marketingowych.<\/p>\n<p><strong>W jaki spos\u00f3b chronimy dane osobowe?<\/strong><\/p>\n<p>Dbanie o bezpiecze\u0144stwo Danych osobowych jest bardzo wysokim priorytetem SMW. W zwi\u0105zku z tym ci\u0105gle pracujemy nad popraw\u0105 ochrony Danych osobowych. Nasza polityka bezpiecze\u0144stwa obejmuje ochron\u0119 pracownik\u00f3w, danych, infrastruktury IT, wewn\u0119trznych i zewn\u0119trznych sieci, a tak\u017ce budynk\u00f3w i urz\u0105dze\u0144 technicznych. Specjaln\u0105 uwag\u0119 przyk\u0142ada si\u0119 do informacji, a w szczeg\u00f3lno\u015bci do Danych Osobowych.<\/p>\n<p>Nasze dzia\u0142ania w zakresie bezpiecze\u0144stwa maj\u0105 na celu zr\u00f3wnowa\u017cenie ekspozycji na ryzyko, warto\u015bci biznesowej dost\u0119pnej technologii, luk w zabezpieczeniach i zagro\u017ce\u0144 w celu zapewnienia zgodno\u015bci z obowi\u0105zuj\u0105cymi przepisami, regulacjami oraz wymogami umownymi. SMW d\u0105\u017cy do wdro\u017cenia \u015brodk\u00f3w bezpiecze\u0144stwa poprzez ustalenie odpowiednich poziom\u00f3w ochrony Danych Osobowych, a przez to uniemo\u017cliwienie ujawnienia Danych Osobowych osobom nieuprawnionym wewn\u0119trznie i zewn\u0119trznie.<\/p>\n<p><strong>Prawo do z\u0142o\u017cenia skargi do organu nadzorczego<\/strong><\/p>\n<p>Je\u017celi uwa\u017cacie Pa\u0144stwo, \u017ce SMW przetwarzaj\u0105c dane osobowe narusza przepisy o ochronie danych osobowych, macie prawo wniesienia skargi do organu nadzorczego w\u0142a\u015bciwego do twojego miejsca zamieszkania, miejsca pracy, miejsca w kt\u00f3rym domniemane naruszenie mia\u0142o miejsce lub dowolnego odpowiednio organu nadzorczego.<\/p>\n<p><strong>Zmiany niniejszej polityki<\/strong><\/p>\n<p>SMW zastrzega sobie prawo do zmiany polityki prywatno\u015bci. Najnowsza wersja polityki nadpisuje postanowienia zawarte w poprzednich wersjach. Najnowsza wersja polityki jest dost\u0119pna na stronach SMW lub na \u017c\u0105danie w ka\u017cdym czasie. Zalecamy sprawdzanie polityki prywatno\u015bci co jaki\u015b czas, aby by\u0107 na bie\u017c\u0105co ze zmianami w aktualnej wersji polityki. Zostaniecie Pa\u0144stwo powiadomieni o ka\u017cdej zmianie polityki prywatno\u015bci o jakiej powinni\u015bcie wiedzie\u0107 albo kt\u00f3ra wymaga waszej zgody.<\/p>\n<p><strong>Informacja kontaktowa<\/strong><\/p>\n<p>W sytuacjach wymagaj\u0105cych kontaktu prosimy o przekazywanie informacji do naszego biura obs\u0142ugi klienta pod adresem: andrzej@bochacz.pl<\/p>\n<p>Nasza obs\u0142uga klienta mo\u017ce tak\u017ce pom\u00f3c skontaktowa\u0107 ci\u0119 z naszym Inspektorem Danych Osobowych.<\/p>\n","protected":false},"excerpt":{"rendered":"<p>POLITYKA PRYWATNO\u015aCI (2018.05.25) Polityka prywatno\u015bci i przetwarzania danych osobowych w Stowarzyszenie Mi\u0142o\u015bnik\u00f3w Witra\u017cy \u00a0(NIP 676-21-09-862) dalej zwana SMW jest odpowiedzialna za przechowywanie i przetwarzanie Danych Osobowych w imieniu os\u00f3b i organizacji. SMW b\u0119dzie przetwarza\u0107 dane osobowe\u00a0zgodnie z obowi\u0105zuj\u0105cymi przepisami prawa. Niniejsza informacja o ochronie prywatno\u015bci zawiera informacje o przetwarzaniu danych osobowych przez SMW. Definicje: Osoba [&hellip;]<\/p>\n","protected":false},"author":1,"featured_media":0,"parent":0,"menu_order":0,"comment_status":"closed","ping_status":"closed","template":"","meta":{"footnotes":""},"class_list":["post-1453","page","type-page","status-publish","hentry"],"_links":{"self":[{"href":"https:\/\/arsvitrea.pl\/index.php\/wp-json\/wp\/v2\/pages\/1453","targetHints":{"allow":["GET"]}}],"collection":[{"href":"https:\/\/arsvitrea.pl\/index.php\/wp-json\/wp\/v2\/pages"}],"about":[{"href":"https:\/\/arsvitrea.pl\/index.php\/wp-json\/wp\/v2\/types\/page"}],"author":[{"embeddable":true,"href":"https:\/\/arsvitrea.pl\/index.php\/wp-json\/wp\/v2\/users\/1"}],"replies":[{"embeddable":true,"href":"https:\/\/arsvitrea.pl\/index.php\/wp-json\/wp\/v2\/comments?post=1453"}],"version-history":[{"count":0,"href":"https:\/\/arsvitrea.pl\/index.php\/wp-json\/wp\/v2\/pages\/1453\/revisions"}],"wp:attachment":[{"href":"https:\/\/arsvitrea.pl\/index.php\/wp-json\/wp\/v2\/media?parent=1453"}],"curies":[{"name":"wp","href":"https:\/\/api.w.org\/{rel}","templated":true}]}}