{"id":1167,"date":"2016-12-03T23:20:58","date_gmt":"2016-12-03T22:20:58","guid":{"rendered":"http:\/\/www.stowarzyszenie-witrazy.pl\/?page_id=1167"},"modified":"2016-12-03T23:20:58","modified_gmt":"2016-12-03T22:20:58","slug":"o-nas","status":"publish","type":"page","link":"https:\/\/arsvitrea.pl\/index.php\/o-nas\/","title":{"rendered":"O nas"},"content":{"rendered":"<p style=\"text-align: justify;\"><img decoding=\"async\" class=\"size-medium wp-image-1168 alignleft\" src=\"http:\/\/www.stowarzyszenie-witrazy.pl\/wp-content\/uploads\/2016\/12\/stowarzyszenie-ars-vitrea-polona-131x300.jpg\" alt=\"stowarzyszenie-ars-vitrea-polona\" width=\"131\" height=\"300\" srcset=\"https:\/\/arsvitrea.pl\/wp-content\/uploads\/2016\/12\/stowarzyszenie-ars-vitrea-polona-131x300.jpg 131w, https:\/\/arsvitrea.pl\/wp-content\/uploads\/2016\/12\/stowarzyszenie-ars-vitrea-polona.jpg 250w\" sizes=\"(max-width: 131px) 100vw, 131px\" \/><strong>Stowarzyszenie Mi\u0142o\u015bnik\u00f3w Witra\u017cy \u201eARS VITREA POLONA\u201d<\/strong> zosta\u0142o za\u0142o\u017cone w roku 1998 w Krakowie, z inicjatywy dr hab. arch. Krystyny Paw\u0142owskiej prof. Politechniki Krakowskiej (autorki pionierskiej ksi\u0105\u017cki pt.Witra\u017ce w kamienicach\u00a0 krakowskich z prze\u0142omu XIX i XX wieku, Krak\u00f3w 1994). Jego powstaniu \u017cyczliwie patronowa\u0142 nie\u017cyj\u0105cy ju\u017c prof. Lech Kalinowski, mediewista, niedo\u015bcig\u0142y znawca sztuki witra\u017cowej i wielki jej mi\u0142o\u015bnik.<\/p>\n<p style=\"text-align: justify;\"><strong>Stowarzyszenie<\/strong> skupia osoby reprezentuj\u0105ce r\u00f3\u017cne \u015brodowiska naukowe i artystyczne w Polsce, a tak\u017ce na W\u0119grzech i Ukrainie. Obecnie liczy oko\u0142o sze\u015b\u0107dziesi\u0119ciu os\u00f3b. S\u0105 w\u015br\u00f3d nas arty\u015bci projektuj\u0105cy witra\u017ce, witra\u017cy\u015bci, konserwatorzy, historycy sztuki, architekci, in\u017cynierowie r\u00f3\u017cnych specjalizacji, lekarze, filolodzy, ekonomi\u015bci \u2013 wszystkich \u0142\u0105czy mi\u0142o\u015b\u0107 do witra\u017cu. Kilku cz\u0142onk\u00f3w naszego Stowarzyszenia nale\u017cy do Polskiego Komitetu Korpusu Witra\u017cy wchodz\u0105cego w sk\u0142ad Mi\u0119dzynarodowej Akademii Nauk (Comit\u00e9 International D`Histoire de L`Art.\u00a0Union Acad\u00e9mique Internationale. Corpus Vitrearum). Statutowym celem stowarzyszenia jest dzia\u0142anie na rzecz ochrony dziedzictwa polskiej sztuki witra\u017cowej i popularyzacja wiedzy na jej temat oraz popieranie rozwoju wsp\u00f3\u0142czesnego witra\u017cownictwa. W ci\u0105gu dwudziestu\u00a0lat dzia\u0142alno\u015bci Stowarzyszenie przygotowa\u0142o \u2013 we wsp\u00f3\u0142pracy z r\u00f3\u017cnymi podmiotami &#8211; dziewi\u0119\u0107\u00a0mi\u0119dzynarodowych sesji naukowych, przy czym z siedmiu wyda\u0142o materia\u0142y; zorganizowa\u0142o wystawy o tematyce witra\u017cowej z udzia\u0142em tw\u00f3rc\u00f3w z Austrii, Polski i W\u0119gier oraz wyjazdy studyjne, kt\u00f3rych g\u0142\u00f3wnym celem by\u0142o zapoznanie si\u0119 ze sztuk\u0105 witra\u017cow\u0105 na wybranym terenie \u2013 od Dolnego \u015al\u0105ska po Siedmiogr\u00f3d. Nasi cz\u0142onkowie s\u0105 te\u017c aktywni poza Stowarzyszeniem. Prezentuj\u0105 wyniki swych bada\u0144 nad sztuk\u0105 witra\u017cow\u0105 na licznych sesjach naukowych, mi\u0119dzy innymi, Stowarzyszenia Historyk\u00f3w Sztuki, Uniwersytetu Miko\u0142aja Kopernika w Toruniu, Uniwersytetu Rzeszowskiego, Katolickiego Uniwersytetu Lubelskiego, mi\u0119dzynarodowych kolokwiach Korpusu Witra\u017cy. Uczestnicz\u0105 w wystawach i konkursach. Wyg\u0142aszaj\u0105 odczyty o charakterze popularno-naukowym, skierowane do szerokiego kr\u0119gu odbior\u00f3w.<\/p>\n","protected":false},"excerpt":{"rendered":"<p>Stowarzyszenie Mi\u0142o\u015bnik\u00f3w Witra\u017cy \u201eARS VITREA POLONA\u201d zosta\u0142o za\u0142o\u017cone w roku 1998 w Krakowie, z inicjatywy dr hab. arch. Krystyny Paw\u0142owskiej prof. Politechniki Krakowskiej (autorki pionierskiej ksi\u0105\u017cki pt.Witra\u017ce w kamienicach\u00a0 krakowskich z prze\u0142omu XIX i XX wieku, Krak\u00f3w 1994). Jego powstaniu \u017cyczliwie patronowa\u0142 nie\u017cyj\u0105cy ju\u017c prof. Lech Kalinowski, mediewista, niedo\u015bcig\u0142y znawca sztuki witra\u017cowej i wielki jej [&hellip;]<\/p>\n","protected":false},"author":1,"featured_media":0,"parent":0,"menu_order":0,"comment_status":"closed","ping_status":"closed","template":"","meta":{"footnotes":""},"class_list":["post-1167","page","type-page","status-publish","hentry"],"_links":{"self":[{"href":"https:\/\/arsvitrea.pl\/index.php\/wp-json\/wp\/v2\/pages\/1167","targetHints":{"allow":["GET"]}}],"collection":[{"href":"https:\/\/arsvitrea.pl\/index.php\/wp-json\/wp\/v2\/pages"}],"about":[{"href":"https:\/\/arsvitrea.pl\/index.php\/wp-json\/wp\/v2\/types\/page"}],"author":[{"embeddable":true,"href":"https:\/\/arsvitrea.pl\/index.php\/wp-json\/wp\/v2\/users\/1"}],"replies":[{"embeddable":true,"href":"https:\/\/arsvitrea.pl\/index.php\/wp-json\/wp\/v2\/comments?post=1167"}],"version-history":[{"count":0,"href":"https:\/\/arsvitrea.pl\/index.php\/wp-json\/wp\/v2\/pages\/1167\/revisions"}],"wp:attachment":[{"href":"https:\/\/arsvitrea.pl\/index.php\/wp-json\/wp\/v2\/media?parent=1167"}],"curies":[{"name":"wp","href":"https:\/\/api.w.org\/{rel}","templated":true}]}}