{"id":1118,"date":"2016-11-11T22:40:24","date_gmt":"2016-11-11T21:40:24","guid":{"rendered":"http:\/\/www.stowarzyszenie-witrazy.pl\/?page_id=1118"},"modified":"2024-04-17T20:25:05","modified_gmt":"2024-04-17T20:25:05","slug":"warunki-przystapienia-do-stowarzyszenia","status":"publish","type":"page","link":"https:\/\/arsvitrea.pl\/index.php\/warunki-przystapienia-do-stowarzyszenia\/","title":{"rendered":"Warunki przyst\u0105pienia do stowarzyszenia"},"content":{"rendered":"\t\t<div data-elementor-type=\"wp-page\" data-elementor-id=\"1118\" class=\"elementor elementor-1118\" data-elementor-post-type=\"page\">\n\t\t\t\t<div class=\"elementor-element elementor-element-6cd67f95 e-flex e-con-boxed e-con e-parent\" data-id=\"6cd67f95\" data-element_type=\"container\" data-e-type=\"container\">\n\t\t\t\t\t<div class=\"e-con-inner\">\n\t\t\t\t<div class=\"elementor-element elementor-element-2466d704 elementor-widget elementor-widget-text-editor\" data-id=\"2466d704\" data-element_type=\"widget\" data-e-type=\"widget\" data-settings=\"{&quot;ekit_we_effect_on&quot;:&quot;none&quot;}\" data-widget_type=\"text-editor.default\">\n\t\t\t\t<div class=\"elementor-widget-container\">\n\t\t\t\t\t\t\t\t\t<h4>Jak przyst\u0105pi\u0107 do Stowarzyszenia ?<\/h4><p>Cz\u0142onkiem Stowarzyszenia Mi\u0142o\u015bnik\u00f3w Witra\u017cy Ars Vitrea Polona mo\u017ce zosta\u0107 ka\u017cdy zainteresowany sztuk\u0105 witra\u017cow\u0105, niezale\u017cnie od wieku i wykonywanego zawodu.<br \/>Nale\u017cy:<br \/>&#8211;\u00a0\u00a0\u00a0 zapozna\u0107 si\u0119 ze statutem Stowarzyszenia, zamieszczonym w zak\u0142adce \u201estatut\u201d,<br \/>&#8211;\u00a0\u00a0\u00a0 wype\u0142ni\u0107 deklaracj\u0119 cz\u0142onkowsk\u0105 zamieszczon\u0105 w zak\u0142adce \u201edeklaracja\u201d ,<br \/>&#8211;\u00a0\u00a0\u00a0 uzyska\u0107 rekomendacj\u0119 minimum jednego, najlepiej dw\u00f3ch cz\u0142onk\u00f3w Stowarzyszenia,<br \/>&#8211;\u00a0\u00a0\u00a0 przes\u0142a\u0107 wype\u0142nion\u0105 deklaracj\u0119 na adres korespondencyjny: 31-007 Krak\u00f3w, ul. Wi\u015blna 2,<br \/>&#8211;\u00a0\u00a0\u00a0 wp\u0142aci\u0107 na konto Stowarzyszenia z Banku PKO BP nr 63 1020 2892 0000 5802 0119 4745 &#8222;wpisowe&#8221;\u00a0\u00a0 w wysoko\u015bci 30 z\u0142 oraz sk\u0142adk\u0119 cz\u0142onkowsk\u0105, kt\u00f3ra w 2016 roku wynosi 100 z\u0142.<\/p><p><strong><a href=\"https:\/\/arsvitrea.pl\/index.php\/deklaracja-czlonkowska\/\" target=\"_blank\" rel=\"noopener\">Deklaracja cz\u0142onkowska<\/a><\/strong><\/p>\t\t\t\t\t\t\t\t<\/div>\n\t\t\t\t<\/div>\n\t\t\t\t\t<\/div>\n\t\t\t\t<\/div>\n\t\t\t\t<\/div>\n\t\t","protected":false},"excerpt":{"rendered":"<p>Jak przyst\u0105pi\u0107 do Stowarzyszenia ? Cz\u0142onkiem Stowarzyszenia Mi\u0142o\u015bnik\u00f3w Witra\u017cy Ars Vitrea Polona mo\u017ce zosta\u0107 ka\u017cdy zainteresowany sztuk\u0105 witra\u017cow\u0105, niezale\u017cnie od wieku i wykonywanego zawodu.Nale\u017cy:&#8211;\u00a0\u00a0\u00a0 zapozna\u0107 si\u0119 ze statutem Stowarzyszenia, zamieszczonym w zak\u0142adce \u201estatut\u201d,&#8211;\u00a0\u00a0\u00a0 wype\u0142ni\u0107 deklaracj\u0119 cz\u0142onkowsk\u0105 zamieszczon\u0105 w zak\u0142adce \u201edeklaracja\u201d ,&#8211;\u00a0\u00a0\u00a0 uzyska\u0107 rekomendacj\u0119 minimum jednego, najlepiej dw\u00f3ch cz\u0142onk\u00f3w Stowarzyszenia,&#8211;\u00a0\u00a0\u00a0 przes\u0142a\u0107 wype\u0142nion\u0105 deklaracj\u0119 na adres korespondencyjny: [&hellip;]<\/p>\n","protected":false},"author":1,"featured_media":0,"parent":0,"menu_order":0,"comment_status":"closed","ping_status":"closed","template":"","meta":{"footnotes":""},"class_list":["post-1118","page","type-page","status-publish","hentry"],"_links":{"self":[{"href":"https:\/\/arsvitrea.pl\/index.php\/wp-json\/wp\/v2\/pages\/1118","targetHints":{"allow":["GET"]}}],"collection":[{"href":"https:\/\/arsvitrea.pl\/index.php\/wp-json\/wp\/v2\/pages"}],"about":[{"href":"https:\/\/arsvitrea.pl\/index.php\/wp-json\/wp\/v2\/types\/page"}],"author":[{"embeddable":true,"href":"https:\/\/arsvitrea.pl\/index.php\/wp-json\/wp\/v2\/users\/1"}],"replies":[{"embeddable":true,"href":"https:\/\/arsvitrea.pl\/index.php\/wp-json\/wp\/v2\/comments?post=1118"}],"version-history":[{"count":3,"href":"https:\/\/arsvitrea.pl\/index.php\/wp-json\/wp\/v2\/pages\/1118\/revisions"}],"predecessor-version":[{"id":4189,"href":"https:\/\/arsvitrea.pl\/index.php\/wp-json\/wp\/v2\/pages\/1118\/revisions\/4189"}],"wp:attachment":[{"href":"https:\/\/arsvitrea.pl\/index.php\/wp-json\/wp\/v2\/media?parent=1118"}],"curies":[{"name":"wp","href":"https:\/\/api.w.org\/{rel}","templated":true}]}}